{"id":73,"date":"2018-05-08T07:30:22","date_gmt":"2018-05-08T07:30:22","guid":{"rendered":"http:\/\/ottar.edge-themes.com\/?page_id=73"},"modified":"2024-09-11T16:29:28","modified_gmt":"2024-09-11T14:29:28","slug":"about","status":"publish","type":"page","link":"http:\/\/deliciousdesign.fr\/index.php\/about\/","title":{"rendered":"About"},"content":{"rendered":"<p>[vc_row][vc_column][vc_single_image image=\u00a0\u00bb3865&Prime; img_size=\u00a0\u00bbmedium\u00a0\u00bb css=\u00a0\u00bb.vc_custom_1726064966303{padding-left: 170px !important;}\u00a0\u00bb][\/vc_column][\/vc_row][vc_row row_content_width=\u00a0\u00bbgrid\u00a0\u00bb css=\u00a0\u00bb.vc_custom_1718364779146{padding-top: 0px !important;padding-bottom: 70px !important;}\u00a0\u00bb][vc_column offset=\u00a0\u00bbvc_col-lg-6 vc_col-md-12&Prime;]<div class=\"edgtf-elements-holder   edgtf-one-column  edgtf-responsive-mode-768 \" ><div class=\"edgtf-eh-item    \"  data-item-class=\"edgtf-eh-custom-7627\" data-1367-1600=\"80px 13px 0 0px\" data-1025-1366=\"80px 13px 0 0px\" data-769-1024=\"80px 13px 0 0px\" data-681-768=\"45px 13px 0 0px\" data-680=\"45px 0 0 0\">\n    <div class=\"edgtf-eh-item-inner\">\n        <div class=\"edgtf-eh-item-content edgtf-eh-custom-7627\" style=\"padding: 80px 13px 0 0px\">\n            <div class=\"edgtf-section-title-holder  edgtf-st-standard edgtf-st-title-left edgtf-st-normal-space \" >\n    <div class=\"edgtf-st-inner\">\n                <h1 class=\"edgtf-st-title\" >\n        Faisons connaissance<br \/> et collaborons    <\/h1>\n            <p class=\"edgtf-st-text\" style=\"margin-top: 30px\">\n    Form\u00e9e aux Arts D\u00e9co de Paris et aux Gobelins, j\u2019ai 15 ans d\u2019exp\u00e9rience dans les secteurs de la beaut\u00e9, du luxe et le corporate. Je parle couramment l\u2019anglais et travaille r\u00e9guli\u00e8rement \u00e0 l\u2019international.<br \/>\nJe suis particuli\u00e8rement sensible \u00e0 la beaut\u00e9 des visages et au monde du luxe, c\u2019est pourquoi je travaille pour ce secteur depuis 2008, avec des clients tels que L\u2019Or\u00e9al, LVMH, Cartier, le groupe Floirat, l\u2019agence Chic. J\u2019ai r\u00e9alis\u00e9 toutes sortes de projets, de la cr\u00e9ation d'\u00e9crans anim\u00e9s et mises en page pour des marques de luxe \u00e0 la conception de campagnes publicitaires percutantes pour le secteur de la beaut\u00e9. Mon expertise s'\u00e9tend \u00e9galement au domaine corporate o\u00f9 j'ai aid\u00e9 des entreprises \u00e0 renforcer leur image de marque en cr\u00e9ant des designs \u00e9l\u00e9gants et professionnels.\nChaque projet est unique et m\u00e9rite une approche et une \u00e9coute personnalis\u00e9e. Mon objectif est de comprendre les besoins et les aspirations de mes clients pour cr\u00e9er des designs qui ne r\u00e9pondent pas seulement \u00e0 leurs attentes, mais les surpassent. Je m'efforce de combiner esth\u00e9tique et fonctionnalit\u00e9, en veillant \u00e0 ce que chaque cr\u00e9ation soit \u00e0 la fois belle et efficace.\nR\u00e9compense : Prix Adobe<\/p>\n<\/div>\n<\/div>[vc_empty_space height=\u00a0\u00bb50px\u00a0\u00bb]        <\/div>\n    <\/div>\n<\/div><\/div>[\/vc_column][vc_column offset=\u00a0\u00bbvc_col-lg-6 vc_col-md-12&Prime;]<div class=\"edgtf-elements-holder   edgtf-one-column  edgtf-responsive-mode-768 \" ><div class=\"edgtf-eh-item    \"  data-item-class=\"edgtf-eh-custom-4993\" data-1367-1600=\"50px 0 0 15px\" data-1025-1366=\"50px 0 0 15px\" data-769-1024=\"0 0 30px 0\" data-681-768=\"0 0 30px 0\" data-680=\"0 0 32px 0\">\n    <div class=\"edgtf-eh-item-inner\">\n        <div class=\"edgtf-eh-item-content edgtf-eh-custom-4993\" style=\"padding: 50px 0 0 15px\">\n            <div class=\"edgtf-progress-bar \">\n\n    <h5 class=\"edgtf-pb-title-holder\" >\n    <span class=\"edgtf-pb-title\">\n        Infod\u00e9cor    <\/span>\n    <span class=\"edgtf-pb-percent\"><span>0<\/span><\/span>\n    <\/h5>\n\n    <div class=\"edgtf-pb-content-holder\" >\n        <div data-percentage=98 class=\"edgtf-pb-content\" ><\/div>\n    <\/div>\n\n<\/div><div class=\"edgtf-progress-bar \">\n\n    <h5 class=\"edgtf-pb-title-holder\" >\n    <span class=\"edgtf-pb-title\">\n        Signal\u00e9tique    <\/span>\n    <span class=\"edgtf-pb-percent\"><span>0<\/span><\/span>\n    <\/h5>\n\n    <div class=\"edgtf-pb-content-holder\" >\n        <div data-percentage=85 class=\"edgtf-pb-content\" ><\/div>\n    <\/div>\n\n<\/div><div class=\"edgtf-progress-bar \">\n\n    <h5 class=\"edgtf-pb-title-holder\" >\n    <span class=\"edgtf-pb-title\">\n        Identit\u00e9 visuelle    <\/span>\n    <span class=\"edgtf-pb-percent\"><span>0<\/span><\/span>\n    <\/h5>\n\n    <div class=\"edgtf-pb-content-holder\" >\n        <div data-percentage=80 class=\"edgtf-pb-content\" ><\/div>\n    <\/div>\n\n<\/div><div class=\"edgtf-progress-bar \">\n\n    <h5 class=\"edgtf-pb-title-holder\" >\n    <span class=\"edgtf-pb-title\">\n        Digital    <\/span>\n    <span class=\"edgtf-pb-percent\"><span>0<\/span><\/span>\n    <\/h5>\n\n    <div class=\"edgtf-pb-content-holder\" >\n        <div data-percentage=50 class=\"edgtf-pb-content\" ><\/div>\n    <\/div>\n\n<\/div>        <\/div>\n    <\/div>\n<\/div><\/div>[\/vc_column][\/vc_row][vc_row css=\u00a0\u00bb.vc_custom_1718371039731{padding-bottom: 50px !important;}\u00a0\u00bb el_class=\u00a0\u00bbrangee-about3&Prime;][vc_column][vc_column_text]<\/p>\n<h3><strong>Prestations<\/strong><\/h3>\n<p>[\/vc_column_text][\/vc_column][\/vc_row][vc_row el_class=\u00a0\u00bbrangee-about\u00a0\u00bb][vc_column width=\u00a0\u00bb1\/3&Prime;][vc_column_text]<strong>Infod\u00e9cor<\/strong><\/p>\n<p>Pour un grand \u00e9v\u00e8nement, je r\u00e9alise des visuels grand format fixes ou anim\u00e9s inoubliables sur des sc\u00e9nographies atypiques (\u00e9crans courbes ou verticaux, \u00e9crans multiples\u2026).[\/vc_column_text][\/vc_column][vc_column width=\u00a0\u00bb1\/3&Prime;][vc_column_text]<strong>Identit\u00e9 visuelle<\/strong><\/p>\n<p>A partir de la conception de votre logotype, je con\u00e7ois toute une identit\u00e9 d\u00e9clin\u00e9e et la bo\u00eete \u00e0 outils que constitue la charte graphique avec les fichiers correspondants.<\/p>\n<p>Cette charte est indispensable pour affirmer votre identit\u00e9 face \u00e0 la concurrence.[\/vc_column_text][\/vc_column][vc_column width=\u00a0\u00bb1\/3&Prime;][vc_column_text css=\u00a0\u00bb.vc_custom_1718200881276{border-right-width: 10px !important;}\u00a0\u00bb]<strong>Signal\u00e9tique<\/strong><\/p>\n<p>Pour votre \u00e9v\u00e8nement ou votre appel d\u2019offre, je con\u00e7ois tous les supports de signal\u00e9tique adapt\u00e9s et je travaille avec les prestataires et partenaires.[\/vc_column_text][\/vc_column][\/vc_row][vc_row][vc_column]<div class=\"edgtf-separator-holder clearfix  edgtf-separator-center \">\n    <div class=\"edgtf-separator\" style=\"border-bottom-width: 30px\"><\/div>\n<\/div>\n[\/vc_column][\/vc_row][vc_row css=\u00a0\u00bb.vc_custom_1718370898430{padding-bottom: 67px !important;}\u00a0\u00bb el_class=\u00a0\u00bbrangee-about2&Prime;][vc_column width=\u00a0\u00bb1\/3&Prime;][vc_column_text css=\u00a0\u00bb.vc_custom_1718200868220{border-left-width: 10px !important;}\u00a0\u00bb]<strong>Print<\/strong><\/p>\n<p>Je transforme vos id\u00e9es en supports imprim\u00e9s de haute qualit\u00e9 qui captivent et communiquent votre message. Que ce soit votre affiche ou votre d\u00e9pliant\/brochure ou votre carte de v\u0153ux, je cr\u00e9e un visuel unique pour attirer l\u2019\u0153il et transmettre votre message efficacement.[\/vc_column_text][\/vc_column][vc_column width=\u00a0\u00bb1\/3&Prime;][vc_column_text]<strong>Site web<\/strong><\/p>\n<p>J\u2019ai l&rsquo;expertise pour d\u00e9velopper un site web qui mette en valeur votre marque et attire votre public cible. Je con\u00e7ois toutes les pages de celui-ci en collaboration avec les d\u00e9veloppeurs.[\/vc_column_text][\/vc_column][vc_column width=\u00a0\u00bb1\/3&Prime;][\/vc_column][\/vc_row][vc_row][vc_column][vc_column_text css=\u00a0\u00bb.vc_custom_1726064230931{margin-bottom: px !important;padding-left: 180px !important;}\u00a0\u00bb]<\/p>\n<h3><strong>T\u00e9moignages<\/strong><\/h3>\n<p>[\/vc_column_text]<div class=\"edgtf-separator-holder clearfix  edgtf-separator-center \">\n    <div class=\"edgtf-separator\" style=\"border-bottom-width: 30px\"><\/div>\n<\/div>\n[vc_column_text css=\u00a0\u00bb.vc_custom_1726064224134{padding-bottom: 150px !important;padding-left: 180px !important;}\u00a0\u00bb]<em>\u00ab\u00a0Cl\u00e9mence est tr\u00e8s \u00e0 l&rsquo;\u00e9coute et de bons conseils,<\/em><br \/>\n<em>elle m&rsquo;a cr\u00e9\u00e9 un design(logo, charte graphique et landing page) adapt\u00e9 \u00e0 mes besoins.\u00a0\u00bb<\/em><\/p>\n<p>Jonathan Braley. CEO de CODE PARROTS[\/vc_column_text][\/vc_column][\/vc_row]<\/p>\n","protected":false},"excerpt":{"rendered":"<p>[vc_row][vc_column][vc_single_image image=\u00a0\u00bb3865&Prime; img_size=\u00a0\u00bbmedium\u00a0\u00bb css=\u00a0\u00bb.vc_custom_1726064966303{padding-left: 170px !important;}\u00a0\u00bb][\/vc_column][\/vc_row][vc_row row_content_width=\u00a0\u00bbgrid\u00a0\u00bb css=\u00a0\u00bb.vc_custom_1718364779146{padding-top: 0px !important;padding-bottom: 70px !important;}\u00a0\u00bb][vc_column offset=\u00a0\u00bbvc_col-lg-6 vc_col-md-12&Prime;][\/vc_column][vc_column offset=\u00a0\u00bbvc_col-lg-6 vc_col-md-12&Prime;][\/vc_column][\/vc_row][vc_row css=\u00a0\u00bb.vc_custom_1718371039731{padding-bottom: 50px !important;}\u00a0\u00bb el_class=\u00a0\u00bbrangee-about3&Prime;][vc_column][vc_column_text] Prestations [\/vc_column_text][\/vc_column][\/vc_row][vc_row el_class=\u00a0\u00bbrangee-about\u00a0\u00bb][vc_column width=\u00a0\u00bb1\/3&Prime;][vc_column_text]Infod\u00e9cor Pour un grand \u00e9v\u00e8nement, je r\u00e9alise des visuels grand format fixes ou anim\u00e9s inoubliables sur des sc\u00e9nographies atypiques (\u00e9crans courbes ou verticaux, \u00e9crans multiples\u2026).[\/vc_column_text][\/vc_column][vc_column width=\u00a0\u00bb1\/3&Prime;][vc_column_text]Identit\u00e9 visuelle A partir de la conception de votre logotype, je con\u00e7ois [&hellip;]<\/p>\n","protected":false},"author":1,"featured_media":0,"parent":0,"menu_order":0,"comment_status":"closed","ping_status":"closed","template":"full-width.php","meta":{"footnotes":""},"class_list":["post-73","page","type-page","status-publish","hentry"],"yoast_head":"<!-- This site is optimized with the Yoast SEO plugin v22.8 - https:\/\/yoast.com\/wordpress\/plugins\/seo\/ -->\n<title>About - Delicious Design<\/title>\n<meta name=\"robots\" content=\"index, follow, max-snippet:-1, max-image-preview:large, max-video-preview:-1\" \/>\n<link rel=\"canonical\" href=\"http:\/\/deliciousdesign.fr\/index.php\/about\/\" \/>\n<meta property=\"og:locale\" content=\"fr_FR\" \/>\n<meta property=\"og:type\" content=\"article\" \/>\n<meta property=\"og:title\" content=\"About - Delicious Design\" \/>\n<meta property=\"og:description\" content=\"[vc_row][vc_column][vc_single_image image=\u00a0\u00bb3865&Prime; img_size=\u00a0\u00bbmedium\u00a0\u00bb css=\u00a0\u00bb.vc_custom_1726064966303{padding-left: 170px !important;}\u00a0\u00bb][\/vc_column][\/vc_row][vc_row row_content_width=\u00a0\u00bbgrid\u00a0\u00bb css=\u00a0\u00bb.vc_custom_1718364779146{padding-top: 0px !important;padding-bottom: 70px !important;}\u00a0\u00bb][vc_column offset=\u00a0\u00bbvc_col-lg-6 vc_col-md-12&Prime;][\/vc_column][vc_column offset=\u00a0\u00bbvc_col-lg-6 vc_col-md-12&Prime;][\/vc_column][\/vc_row][vc_row css=\u00a0\u00bb.vc_custom_1718371039731{padding-bottom: 50px !important;}\u00a0\u00bb el_class=\u00a0\u00bbrangee-about3&Prime;][vc_column][vc_column_text] Prestations [\/vc_column_text][\/vc_column][\/vc_row][vc_row el_class=\u00a0\u00bbrangee-about\u00a0\u00bb][vc_column width=\u00a0\u00bb1\/3&Prime;][vc_column_text]Infod\u00e9cor Pour un grand \u00e9v\u00e8nement, je r\u00e9alise des visuels grand format fixes ou anim\u00e9s inoubliables sur des sc\u00e9nographies atypiques (\u00e9crans courbes ou verticaux, \u00e9crans multiples\u2026).[\/vc_column_text][\/vc_column][vc_column width=\u00a0\u00bb1\/3&Prime;][vc_column_text]Identit\u00e9 visuelle A partir de la conception de votre logotype, je con\u00e7ois [&hellip;]\" \/>\n<meta property=\"og:url\" content=\"http:\/\/deliciousdesign.fr\/index.php\/about\/\" \/>\n<meta property=\"og:site_name\" content=\"Delicious Design\" \/>\n<meta property=\"article:modified_time\" content=\"2024-09-11T14:29:28+00:00\" \/>\n<meta name=\"twitter:card\" content=\"summary_large_image\" \/>\n<meta name=\"twitter:label1\" content=\"Dur\u00e9e de lecture estim\u00e9e\" \/>\n\t<meta name=\"twitter:data1\" content=\"3 minutes\" \/>\n<script type=\"application\/ld+json\" class=\"yoast-schema-graph\">{\"@context\":\"https:\/\/schema.org\",\"@graph\":[{\"@type\":\"WebPage\",\"@id\":\"http:\/\/deliciousdesign.fr\/index.php\/about\/\",\"url\":\"http:\/\/deliciousdesign.fr\/index.php\/about\/\",\"name\":\"About - Delicious Design\",\"isPartOf\":{\"@id\":\"http:\/\/deliciousdesign.fr\/#website\"},\"datePublished\":\"2018-05-08T07:30:22+00:00\",\"dateModified\":\"2024-09-11T14:29:28+00:00\",\"breadcrumb\":{\"@id\":\"http:\/\/deliciousdesign.fr\/index.php\/about\/#breadcrumb\"},\"inLanguage\":\"fr-FR\",\"potentialAction\":[{\"@type\":\"ReadAction\",\"target\":[\"http:\/\/deliciousdesign.fr\/index.php\/about\/\"]}]},{\"@type\":\"BreadcrumbList\",\"@id\":\"http:\/\/deliciousdesign.fr\/index.php\/about\/#breadcrumb\",\"itemListElement\":[{\"@type\":\"ListItem\",\"position\":1,\"name\":\"Accueil\",\"item\":\"http:\/\/deliciousdesign.fr\/\"},{\"@type\":\"ListItem\",\"position\":2,\"name\":\"About\"}]},{\"@type\":\"WebSite\",\"@id\":\"http:\/\/deliciousdesign.fr\/#website\",\"url\":\"http:\/\/deliciousdesign.fr\/\",\"name\":\"Delicious Design\",\"description\":\"Delicious Artistic Direction\",\"potentialAction\":[{\"@type\":\"SearchAction\",\"target\":{\"@type\":\"EntryPoint\",\"urlTemplate\":\"http:\/\/deliciousdesign.fr\/?s={search_term_string}\"},\"query-input\":\"required name=search_term_string\"}],\"inLanguage\":\"fr-FR\"}]}<\/script>\n<!-- \/ Yoast SEO plugin. -->","yoast_head_json":{"title":"About - Delicious Design","robots":{"index":"index","follow":"follow","max-snippet":"max-snippet:-1","max-image-preview":"max-image-preview:large","max-video-preview":"max-video-preview:-1"},"canonical":"http:\/\/deliciousdesign.fr\/index.php\/about\/","og_locale":"fr_FR","og_type":"article","og_title":"About - Delicious Design","og_description":"[vc_row][vc_column][vc_single_image image=\u00a0\u00bb3865&Prime; img_size=\u00a0\u00bbmedium\u00a0\u00bb css=\u00a0\u00bb.vc_custom_1726064966303{padding-left: 170px !important;}\u00a0\u00bb][\/vc_column][\/vc_row][vc_row row_content_width=\u00a0\u00bbgrid\u00a0\u00bb css=\u00a0\u00bb.vc_custom_1718364779146{padding-top: 0px !important;padding-bottom: 70px !important;}\u00a0\u00bb][vc_column offset=\u00a0\u00bbvc_col-lg-6 vc_col-md-12&Prime;][\/vc_column][vc_column offset=\u00a0\u00bbvc_col-lg-6 vc_col-md-12&Prime;][\/vc_column][\/vc_row][vc_row css=\u00a0\u00bb.vc_custom_1718371039731{padding-bottom: 50px !important;}\u00a0\u00bb el_class=\u00a0\u00bbrangee-about3&Prime;][vc_column][vc_column_text] Prestations [\/vc_column_text][\/vc_column][\/vc_row][vc_row el_class=\u00a0\u00bbrangee-about\u00a0\u00bb][vc_column width=\u00a0\u00bb1\/3&Prime;][vc_column_text]Infod\u00e9cor Pour un grand \u00e9v\u00e8nement, je r\u00e9alise des visuels grand format fixes ou anim\u00e9s inoubliables sur des sc\u00e9nographies atypiques (\u00e9crans courbes ou verticaux, \u00e9crans multiples\u2026).[\/vc_column_text][\/vc_column][vc_column width=\u00a0\u00bb1\/3&Prime;][vc_column_text]Identit\u00e9 visuelle A partir de la conception de votre logotype, je con\u00e7ois [&hellip;]","og_url":"http:\/\/deliciousdesign.fr\/index.php\/about\/","og_site_name":"Delicious Design","article_modified_time":"2024-09-11T14:29:28+00:00","twitter_card":"summary_large_image","twitter_misc":{"Dur\u00e9e de lecture estim\u00e9e":"3 minutes"},"schema":{"@context":"https:\/\/schema.org","@graph":[{"@type":"WebPage","@id":"http:\/\/deliciousdesign.fr\/index.php\/about\/","url":"http:\/\/deliciousdesign.fr\/index.php\/about\/","name":"About - Delicious Design","isPartOf":{"@id":"http:\/\/deliciousdesign.fr\/#website"},"datePublished":"2018-05-08T07:30:22+00:00","dateModified":"2024-09-11T14:29:28+00:00","breadcrumb":{"@id":"http:\/\/deliciousdesign.fr\/index.php\/about\/#breadcrumb"},"inLanguage":"fr-FR","potentialAction":[{"@type":"ReadAction","target":["http:\/\/deliciousdesign.fr\/index.php\/about\/"]}]},{"@type":"BreadcrumbList","@id":"http:\/\/deliciousdesign.fr\/index.php\/about\/#breadcrumb","itemListElement":[{"@type":"ListItem","position":1,"name":"Accueil","item":"http:\/\/deliciousdesign.fr\/"},{"@type":"ListItem","position":2,"name":"About"}]},{"@type":"WebSite","@id":"http:\/\/deliciousdesign.fr\/#website","url":"http:\/\/deliciousdesign.fr\/","name":"Delicious Design","description":"Delicious Artistic Direction","potentialAction":[{"@type":"SearchAction","target":{"@type":"EntryPoint","urlTemplate":"http:\/\/deliciousdesign.fr\/?s={search_term_string}"},"query-input":"required name=search_term_string"}],"inLanguage":"fr-FR"}]}},"_links":{"self":[{"href":"http:\/\/deliciousdesign.fr\/index.php\/wp-json\/wp\/v2\/pages\/73","targetHints":{"allow":["GET"]}}],"collection":[{"href":"http:\/\/deliciousdesign.fr\/index.php\/wp-json\/wp\/v2\/pages"}],"about":[{"href":"http:\/\/deliciousdesign.fr\/index.php\/wp-json\/wp\/v2\/types\/page"}],"author":[{"embeddable":true,"href":"http:\/\/deliciousdesign.fr\/index.php\/wp-json\/wp\/v2\/users\/1"}],"replies":[{"embeddable":true,"href":"http:\/\/deliciousdesign.fr\/index.php\/wp-json\/wp\/v2\/comments?post=73"}],"version-history":[{"count":53,"href":"http:\/\/deliciousdesign.fr\/index.php\/wp-json\/wp\/v2\/pages\/73\/revisions"}],"predecessor-version":[{"id":3870,"href":"http:\/\/deliciousdesign.fr\/index.php\/wp-json\/wp\/v2\/pages\/73\/revisions\/3870"}],"wp:attachment":[{"href":"http:\/\/deliciousdesign.fr\/index.php\/wp-json\/wp\/v2\/media?parent=73"}],"curies":[{"name":"wp","href":"https:\/\/api.w.org\/{rel}","templated":true}]}}